{"id":48,"date":"2016-11-28T09:09:14","date_gmt":"2016-11-28T08:09:14","guid":{"rendered":"http:\/\/www.cappatec.com\/web\/?page_id=48"},"modified":"2022-08-23T22:13:31","modified_gmt":"2022-08-23T20:13:31","slug":"lagerverwaltung","status":"publish","type":"page","link":"https:\/\/www.cappatec.com\/web\/produkte\/lagerverwaltung\/","title":{"rendered":"Lagerverwaltung"},"content":{"rendered":"<h2><strong>Die moderne Lagerverwaltung<br \/>\n<\/strong><\/h2>\n<p><strong>Die cappatec Lagerverwaltung ist die intuitive\u00a0L\u00f6sung f\u00fcr KMUs.<\/strong><\/p>\n<p>Verwalten Sie Ihre Lager und erstellen Sie schnell und einfach Buchungen \u00fcber Lieferscheine. Erhalten Sie jederzeit den vollen \u00dcberblick \u00fcber Lieferungen, Versand und Lagerwert.<\/p>\n<ul>\n<li>Verwaltung mehrerer Lager<\/li>\n<li>Verwaltung von Kommisionslagern f\u00fcr Kunden<\/li>\n<li>Buchungen \u00fcber Lieferscheine<\/li>\n<li>Volle Kontrolle \u00fcber Lieferanten, Artikel und Verkauf<\/li>\n<li>Verst\u00e4ndigung bei der Unterschreitung von Mindestlagermengen<\/li>\n<li>Statistikfunktionen zur Ermittlung Ihrer KPIs<\/li>\n<li>Gleichzeitiger Zugriff und Zusammenarbeit mehrerer Benutzer<\/li>\n<li>Zugriff via\u00a0PC, Tablet oder\u00a0Smartphone<\/li>\n<li>Einfache und moderne Bedienoberfl\u00e4che<\/li>\n<\/ul>\n<p>Kontaktieren Sie uns gleich f\u00fcr ein unverbindliches Angebot oder eine kostenlose Online-Demo.<\/p>\n<p><a href=\"?page_id=33\"><button>Angebot anfordern<\/button><\/a><\/p>\n<h2><strong>Alles im Blick. Auch unterwegs.<br \/>\n<\/strong><\/h2>\n<p><strong>Voller Zugriff via\u00a0PC, Tablet oder Smartphone.<\/strong><\/p>\n<p>Mit der modernen Bedienoberfl\u00e4che des cappatec Web Clients wird Ihre Arbeit einfacher denn je. Greifen Sie mit PC, Tablet oder Smartphone auf Ihre Daten zu und behalten Sie die wichtigsten Kennzahlen immer unter Kontrolle. Der cappatec web client wurde nach modernsten Prinzipien und auf Basis von Benutzbarkeitsstudien optimiert, um Sie bei Ihrer Arbeit bestm\u00f6glich zu unterst\u00fctzen.<\/p>\n<p>F\u00fcr optimale Produktivit\u00e4t k\u00f6nnen mehrere Benutzer gleichzeitig angemeldet sein, ganz egal ob im B\u00fcro oder von unterwegs.<\/p>\n<h2><strong>So individuell wie Sie.<\/strong><\/h2>\n<p><strong>Ihr Unternehmen w\u00e4chst, Ihre Software w\u00e4chst mit.<\/strong><\/p>\n<p>Ihre Gesch\u00e4ftsprozesse sind ihr Erfolg. Die cappatec Lagerverwaltung l\u00e4sst sich Ihren individuellen Unternehmenseigenschaften anpassen und bietet damit optimale Unterst\u00fctzung im Betriebsalltag. W\u00e4chst Ihr Unternehmen, dann wachsen auch die Anforderungen an Ihre Software. Die cappatec Lagerverwaltung w\u00e4chst mit Ihnen.<\/p>\n<p>W\u00e4hlen Sie zwischen einer einmaligen Lizenzgeb\u00fchr oder einem flexiblen, j\u00e4hrlichen Lizenzmodell.<\/p>\n<table class=\"table table-bordered\">\n<thead>\n<tr>\n<th>Einmalig<\/th>\n<th>J\u00e4hrlich<\/th>\n<\/tr>\n<\/thead>\n<tbody>\n<tr>\n<td>Einrichtungsgeb\u00fchr einmalig: EUR 149,00<br \/>\nLizenzgeb\u00fchr einmalig: EUR 799,00<br \/>\nAnpassungen einmalig: nach Aufwand<\/td>\n<td>Einrichtungsgeb\u00fchr einmalig: EUR 149,00<br \/>\nLizenzgeb\u00fchr j\u00e4hrlich: EUR 189,00<br \/>\nAnpassungen einmalig: nach Aufwand<\/td>\n<\/tr>\n<tr>\n<td colspan=\"2\">Inklusive kostenloser Updates w\u00e4hrend der Laufzeit f\u00fcr die cappatec Core Engine<br \/>\nExklusive Support, Hardware und Hosting<\/td>\n<\/tr>\n<\/tbody>\n<\/table>\n<hr \/>\n<p>Ein Angebot f\u00fcr die individuellen Anpassungen erhalten Sie auf Anfrage. Sind keine Anpassungen notwendig, entstehen selbstverst\u00e4ndlich keine zus\u00e4tzlichen Kosten. Mindestlaufzeit 2 Jahre. Der Vertrag kann innerhalb der ersten zwei Monate ohne Angabe von Gr\u00fcnden schriftlich gek\u00fcndigt werden. Die einmalige Einrichtungsgeb\u00fchr wird r\u00fcckerstattet. Kosten f\u00fcr bereits erfolgte Anpassungen k\u00f6nnen nicht erstattet werden. Alle Preisangaben ohne USt. Angebot g\u00fcltig f\u00fcr \u00d6sterreich. Es gelten die cappatec Lizenzvereinbarungen.<\/p>\n","protected":false},"excerpt":{"rendered":"<p>Die moderne Lagerverwaltung Die cappatec Lagerverwaltung ist die intuitive\u00a0L\u00f6sung f\u00fcr KMUs. Verwalten Sie Ihre Lager und erstellen Sie schnell und einfach Buchungen \u00fcber Lieferscheine. Erhalten Sie jederzeit den vollen \u00dcberblick \u00fcber Lieferungen, Versand und Lagerwert. Verwaltung mehrerer Lager Verwaltung von Kommisionslagern f\u00fcr Kunden Buchungen \u00fcber Lieferscheine Volle Kontrolle \u00fcber Lieferanten, &hellip; <\/p>\n","protected":false},"author":1,"featured_media":0,"parent":21,"menu_order":0,"comment_status":"closed","ping_status":"closed","template":"","meta":{"footnotes":""},"class_list":["post-48","page","type-page","status-publish","hentry"],"_links":{"self":[{"href":"https:\/\/www.cappatec.com\/web\/wp-json\/wp\/v2\/pages\/48","targetHints":{"allow":["GET"]}}],"collection":[{"href":"https:\/\/www.cappatec.com\/web\/wp-json\/wp\/v2\/pages"}],"about":[{"href":"https:\/\/www.cappatec.com\/web\/wp-json\/wp\/v2\/types\/page"}],"author":[{"embeddable":true,"href":"https:\/\/www.cappatec.com\/web\/wp-json\/wp\/v2\/users\/1"}],"replies":[{"embeddable":true,"href":"https:\/\/www.cappatec.com\/web\/wp-json\/wp\/v2\/comments?post=48"}],"version-history":[{"count":10,"href":"https:\/\/www.cappatec.com\/web\/wp-json\/wp\/v2\/pages\/48\/revisions"}],"predecessor-version":[{"id":538,"href":"https:\/\/www.cappatec.com\/web\/wp-json\/wp\/v2\/pages\/48\/revisions\/538"}],"up":[{"embeddable":true,"href":"https:\/\/www.cappatec.com\/web\/wp-json\/wp\/v2\/pages\/21"}],"wp:attachment":[{"href":"https:\/\/www.cappatec.com\/web\/wp-json\/wp\/v2\/media?parent=48"}],"curies":[{"name":"wp","href":"https:\/\/api.w.org\/{rel}","templated":true}]}}