{"id":46,"date":"2016-11-28T09:07:00","date_gmt":"2016-11-28T08:07:00","guid":{"rendered":"http:\/\/www.cappatec.com\/web\/?page_id=46"},"modified":"2016-12-12T13:47:32","modified_gmt":"2016-12-12T12:47:32","slug":"partner-vertrieb","status":"publish","type":"page","link":"https:\/\/www.cappatec.com\/web\/partner-vertrieb\/","title":{"rendered":"Partner &#038; Vertrieb"},"content":{"rendered":"<h2>Vertriebspartner<\/h2>\n<p>Wir erweitern st\u00e4ndig unser Vertriebs- und Partnernetzwerk. IT-Beratungsfirmen, freiberufliche Consultants, Hochschulen und Entwickler z\u00e4hlen zu unseren Vertriebs- und Forschungspartnern.<\/p>\n<p><strong>Vertrieb<\/strong><\/p>\n<p>F\u00fcr den Vertrieb von <a href=\"http:\/\/www.cappatec.com\/web\/?page_id=37\">Kassensystemen<\/a> arbeitet cappatec mit regionalen IT-Beratungsfirmen und mit freiberuflichen Consultants zusammen. Damit l\u00e4sst sich professionelle Softwareentwicklung mit individueller und vertrauter Kundenbetreuung optimal kombinieren. Unsere Partner unterst\u00fctzen Sie bei der Auswahl geeigneter Hardware und der optimalen Integration von cappatec Kassensystemen in ihr Unternehmen.<\/p>\n<p><strong>Forschung &amp; Entwicklung<\/strong><\/p>\n<p>cappatec betreibt und unterst\u00fctzt aktuell Forschungs- und Entwicklungsprojekte in den Bereichen Usability Design und Smart Grid Datenintegration. F\u00fcr Universit\u00e4ten und Hochschulen, sowie f\u00fcr gemeinschaftliche Entwicklungsprojekte stellt cappatec die <a href=\"http:\/\/www.cappatec.com\/web\/?page_id=39\">cappatec Core Engine<\/a> als universelle Plattform, sowohl f\u00fcr einfache und schnelle Realisierung von Prototypen, als auch zur langfristigen Produktentwicklung zur Verf\u00fcgung.<\/p>\n<p>Wir freuen uns \u00fcber Ihr Interesse an einer Zusammenarbeit!<\/p>\n","protected":false},"excerpt":{"rendered":"<p>Vertriebspartner Wir erweitern st\u00e4ndig unser Vertriebs- und Partnernetzwerk. IT-Beratungsfirmen, freiberufliche Consultants, Hochschulen und Entwickler z\u00e4hlen zu unseren Vertriebs- und Forschungspartnern. Vertrieb F\u00fcr den Vertrieb von Kassensystemen arbeitet cappatec mit regionalen IT-Beratungsfirmen und mit freiberuflichen Consultants zusammen. Damit l\u00e4sst sich professionelle Softwareentwicklung mit individueller und vertrauter Kundenbetreuung optimal kombinieren. Unsere Partner &hellip; <\/p>\n","protected":false},"author":1,"featured_media":0,"parent":0,"menu_order":0,"comment_status":"closed","ping_status":"closed","template":"","meta":{"footnotes":""},"class_list":["post-46","page","type-page","status-publish","hentry"],"_links":{"self":[{"href":"https:\/\/www.cappatec.com\/web\/wp-json\/wp\/v2\/pages\/46","targetHints":{"allow":["GET"]}}],"collection":[{"href":"https:\/\/www.cappatec.com\/web\/wp-json\/wp\/v2\/pages"}],"about":[{"href":"https:\/\/www.cappatec.com\/web\/wp-json\/wp\/v2\/types\/page"}],"author":[{"embeddable":true,"href":"https:\/\/www.cappatec.com\/web\/wp-json\/wp\/v2\/users\/1"}],"replies":[{"embeddable":true,"href":"https:\/\/www.cappatec.com\/web\/wp-json\/wp\/v2\/comments?post=46"}],"version-history":[{"count":5,"href":"https:\/\/www.cappatec.com\/web\/wp-json\/wp\/v2\/pages\/46\/revisions"}],"predecessor-version":[{"id":214,"href":"https:\/\/www.cappatec.com\/web\/wp-json\/wp\/v2\/pages\/46\/revisions\/214"}],"wp:attachment":[{"href":"https:\/\/www.cappatec.com\/web\/wp-json\/wp\/v2\/media?parent=46"}],"curies":[{"name":"wp","href":"https:\/\/api.w.org\/{rel}","templated":true}]}}