{"id":386,"date":"2018-05-21T12:44:09","date_gmt":"2018-05-21T10:44:09","guid":{"rendered":"http:\/\/www.cappatec.com\/web\/?page_id=386"},"modified":"2021-07-09T16:39:14","modified_gmt":"2021-07-09T14:39:14","slug":"datenschutzerklaerung","status":"publish","type":"page","link":"https:\/\/www.cappatec.com\/web\/datenschutzerklaerung\/","title":{"rendered":"Datenschutzerkl\u00e4rung"},"content":{"rendered":"<p><strong>Verantwortlicher:<\/strong><br \/>\ncappatec, Oliver Langthaler e.U.<br \/>\n5412 Puch bei Hallein\/Salzburg<br \/>\nSchlossallee 7\/1 | Austria<br \/>\nTel:\u00a0<img loading=\"lazy\" decoding=\"async\" class=\"alignnone size-full wp-image-181\" style=\"margin-bottom: -2px;\" src=\"http:\/\/www.cappatec.com\/web\/wp-content\/uploads\/2018\/05\/phone-1.png\" alt=\"\" width=\"147\" height=\"16\" \/><br \/>\nE-Mail:\u00a0<img loading=\"lazy\" decoding=\"async\" class=\"alignnone size-full wp-image-180\" style=\"margin-bottom: -5px;\" src=\"http:\/\/www.cappatec.com\/web\/wp-content\/uploads\/2018\/05\/contact-1.png\" alt=\"\" width=\"139\" height=\"19\" \/><\/p>\n<p>Es ist kein Datenschutzbeauftragter bestellt, da dies gesetzlich nicht notwendig ist.<\/p>\n<p><strong>Allgemeines<\/strong><br \/>\nDer Schutz und die Sicherheit Ihrer pers\u00f6nlichen Daten sind uns ein wichtiges Anliegen. Diese Webseite speichert und verarbeitet Daten daher ausschlie\u00dflich im Sinne der \u00f6sterreichischen und europ\u00e4ischen Datenschutzgrundverordnung (DSGVO). Sie als Nutzer stimmen der Datenverarbeitung im Sinne dieser Erkl\u00e4rung zu. Die aktuelle Fassung der DSG VO finden sie unter http:\/\/eur-lex.europa.eu\/legal-content\/DE\/TXT\/HTML\/?uri=CELEX:32016R0679&amp;from=DE<br \/>\nDiese Datenschutzerkl\u00e4rung bezieht sich nur auf diese Webseite. Falls Sie \u00fcber Links auf unseren Seiten auf andere Seiten weitergeleitet werden, informieren Sie sich direkt auf der weitergeleiteten Webseite \u00fcber den jeweiligen Umgang mit Ihren Daten. Ihre personenbezogenen Daten (z.B. Anrede, Name, Anschrift, E-Mail-Adresse, Telefonnummer, Bankverbindung, Kreditkartennummer) werden von uns nur gem\u00e4\u00df den Bestimmungen des \u00f6sterreichischen Datenschutzrechts verarbeitet. Die nachfolgenden Vorschriften informieren Sie \u00fcber Art, Umfang und Zweck der Erhebung, Verarbeitung und Nutzung personenbezogener Daten.<br \/>\nDie Nutzung dieser Webseite ist in der Regel ohne Angabe personenbezogener Daten m\u00f6glich. Soweit auf unseren Seiten personenbezogene Daten (beispielsweise Name, Anschrift oder E-Mail-Adressen) erhoben werden, erfolgt dies, soweit m\u00f6glich, stets auf freiwilliger Basis. Diese Daten werden ohne Ihre ausdr\u00fcckliche Zustimmung nicht an Dritte weitergegeben.<br \/>\nWir weisen darauf hin, dass die Daten\u00fcbertragung im Internet (z.B. bei der Kommunikation per E-Mail, oder \u00fcber nicht verschl\u00fcsselte Webseiten) Sicherheitsl\u00fccken aufweisen kann. Ein l\u00fcckenloser Schutz der Daten vor dem Zugriff durch Dritte ist nicht m\u00f6glich.<br \/>\nBei Beauftragung \u00fcber unsere Webseite werden Ihre \u00fcbermittelten oder eingegebenen Daten manuell oder automatisiert mit dem vorhandenen Datenbestand auf G\u00fcltigkeit und Aktualit\u00e4t \u00fcberpr\u00fcft und gegebenenfalls abgeglichen um die bei uns gespeicherten Daten zu korrigieren. Dazu kann es notwendig sein, dass unsere MitarbeiterInnen mit Ihnen Kontakt aufnehmen m\u00fcssen. Dies geschieht mittels E-Mail oder telefonisch. Die von Ihnen eingegebenen Daten werden ausschlie\u00dflich f\u00fcr die Bearbeitung der Bestellung oder die Abwicklung der Anmeldung verwendet, eine Weitergabe der Daten an Dritte erfolgt nicht.<\/p>\n<p><strong>Arten der verarbeiteten Daten<\/strong><br \/>\nBestands- und Kontaktdaten (z.B., Namen, Adressen, Mail, Telefonnummern), Nutzungsdaten (z.B., Ger\u00e4te-Informationen, IP-Adressen, besuchte Webseiten, Interesse an Inhalten, Zugriffszeiten).<\/p>\n<p><strong>Zweck der Datenverarbeitung<\/strong><br \/>\n&#8211; Bereitstellung der Website mit ihren Inhalten und den Funktionen.<br \/>\n&#8211; Beantwortung von Kontaktanfragen und Kommunikation mit Benutzern.<\/p>\n<p><strong>Betroffenenrechte<\/strong><br \/>\nNach der EU Datenschutzgrundverordnung stehen Ihnen umfangreiche Rechte zu. Diese Rechte sollen vor allem f\u00fcr mehr Transparenz im Zusammenhang mit Ihren Daten sorgen. Ihre Rechte als betroffene Person sind das Recht auf Auskunft \u00fcber die Sie betreffenden personenbezogenen Daten, auf Berichtigung, L\u00f6schung, Einschr\u00e4nkung der Verarbeitung, Widerspruch gegen die Verarbeitung (Direktmarketing) sowie auf Daten\u00fcbertragbarkeit (nur bei Vertragsbeziehung oder Einwilligung) und jederzeitigen Widerruf einer Einwilligung.<br \/>\nSie k\u00f6nnen s\u00e4mtliche Rechte durch pers\u00f6nliche Kontaktaufnahme (z.B. per Telefon oder direkt vor Ort) oder durch eine Mitteilung per Post aus\u00fcben.<br \/>\nDar\u00fcber hinaus haben Sie jederzeit das Recht, hinsichtlich der Verarbeitung Ihrer personenbezogenen Daten Beschwerde bei der Datenschutzbeh\u00f6rde einzubringen. Die Kontaktdaten der Datenschutzbeh\u00f6rde lauten:<\/p>\n<p>\u00d6sterreichische Datenschutzbeh\u00f6rde<br \/>\nBarichgasse 40-42<br \/>\n1030 Wien<br \/>\nTelefon: +43 1 521 52-25 69<br \/>\nE Mail: dsb@dsb.gv.at<\/p>\n<p><strong>Datenl\u00f6schung<\/strong><br \/>\nIhre Daten werden gel\u00f6scht, sobald der jeweilige Vertrag mit Ihnen erf\u00fcllt ist und keine gesetzliche Pflicht zur Speicherung der Daten mehr besteht. So werden Ihre Daten grunds\u00e4tzlich nach sieben Jahren gel\u00f6scht; Aufbewahrungsfrist nach \u00a7 132 BAO.<br \/>\nGesetzliche\/rechtliche Aufbewahrungspflichten oder vertragliche Verpflichtungen z.B. gegen\u00fcber Kunden aus Gew\u00e4hrleistung oder Schadenersatz oder gegen\u00fcber Vertragspartnern sind eine Grundlage, die personenbezogenen Daten weiterhin zu speichern. (Art 6 Abs 1 lit c DSGVO &#8211; Grundlage der Rechtm\u00e4\u00dfigkeit der Verarbeitung: gesetzliche \/ rechtliche Verpflichtung)<\/p>\n<p><strong>Links<\/strong><br \/>\nWir \u00fcberpr\u00fcfen Links, die unsere Webseite verlassen, redaktionell sorgf\u00e4ltig. Trotzdem \u00fcbernehmen wir f\u00fcr Inhalte auf Seiten, auf die von dieser Webseite oder von einem anderen Internetauftritt aus gelinkt wird, keinerlei Verantwortung oder Haftung.<\/p>\n<p><strong>Kontaktformular<\/strong><br \/>\nWenn Sie uns per Kontaktformular Anfragen zukommen lassen, werden Ihre Angaben aus dem Anfrageformular inklusive der von Ihnen dort angegebenen Kontaktdaten zwecks Bearbeitung der Anfrage und f\u00fcr den Fall von Anschlussfragen bei uns gespeichert. Diese Daten geben wir nicht ohne Ihre Einwilligung weiter.<\/p>\n<p><strong>Bestandsdaten<\/strong><br \/>\nOhne Ihre ausdr\u00fcckliche Einwilligung oder ohne gesetzliche Grundlage werden Ihre personenbezogenen Daten nicht an au\u00dferhalb der Vertragsabwicklung stehende Dritte weitergegeben. Nach vollst\u00e4ndiger Vertragsabwicklung werden Ihre Daten f\u00fcr die weitere Verwendung gesperrt. Nach Ablauf der steuer- und handelsrechtlichen Vorschriften werden diese Daten gel\u00f6scht, sofern Sie nicht ausdr\u00fccklich in die weitere Nutzung eingewilligt haben.<br \/>\nIhre personenbezogenen Daten, soweit diese f\u00fcr die Begr\u00fcndung, inhaltliche Ausgestaltung oder \u00c4nderung des Vertragsverh\u00e4ltnisses erforderlich sind (Bestandsdaten), werden ausschlie\u00dflich zur Vertragsabwicklung verwendet. So m\u00fcssen z.B. zur Zustellung der Waren Ihr Name und Ihre Anschrift an den Warenlieferanten weitergegeben werden.<\/p>\n<p><strong>Informationen \u00fcber Cookies<br \/>\n<\/strong>Unsere Website verwendet so genannte Cookies. Dabei handelt es sich um kleine Textdateien, die mit Hilfe des Browsers auf Ihrem Endger\u00e4t abgelegt werden. Sie richten keinen Schaden an.<br \/>\nWir nutzen Cookies dazu, unser Angebot nutzerfreundlich zu gestalten. Einige Cookies bleiben auf Ihrem Endger\u00e4t gespeichert, bis Sie diese l\u00f6schen. Sie erm\u00f6glichen es uns, Ihren Browser beim n\u00e4chsten Besuch wiederzuerkennen.<br \/>\nWenn Sie dies nicht w\u00fcnschen, so k\u00f6nnen Sie Ihren Browser so einrichten, dass er Sie \u00fcber das Setzen von Cookies informiert und Sie dies nur im Einzelfall erlauben.<br \/>\nBei der Deaktivierung von Cookies kann die Funktionalit\u00e4t unserer Website eingeschr\u00e4nkt sein.<\/p>\n<p><strong>Google Fonts und Google ReCaptcha<\/strong><br \/>\nWir binden Schriftarten (&#8222;Google Fonts&#8220;) und\u00a0 Funktionen zur Erkennung von Bots (&#8222;Google ReCaptcha&#8220;) ein. Anbieter ist die Google Inc., 1600 Amphitheatre Parkway Mountain View, CA 94043, USA. Datenschutzerkl\u00e4rung: https:\/\/www.google.com\/policies\/privacy\/. M\u00f6glichkeit des Opt-Out: https:\/\/adssettings.google.com\/authenticated.<\/p>\n<p><strong>Kommentarfunktion auf dieser Webseite<\/strong><br \/>\nF\u00fcr die Kommentarfunktion auf dieser Seite werden neben Ihrem Kommentar auch Angaben zum Zeitpunkt der Erstellung des Kommentars, Ihre E-Mail-Adresse und, wenn Sie nicht anonym posten, der von Ihnen gew\u00e4hlte Nutzername gespeichert.<\/p>\n<p><strong>Server-Log-Files<\/strong><br \/>\nDer Provider der Seiten erhebt und speichert automatisch Informationen in so genannten Server-Log Files, die Ihr Browser automatisch an uns \u00fcbermittelt. Dies sind:<br \/>\n&#8211; Browsertyp und Browserversion<br \/>\n&#8211; verwendetes Betriebssystem<br \/>\n&#8211; Referrer URL<br \/>\n&#8211; Hostname des zugreifenden Rechners<br \/>\n&#8211; Uhrzeit der Serveranfrage<br \/>\n&#8211; IP Adresse<br \/>\nDiese Daten sind nicht bestimmten Personen zuordenbar. Eine Zusammenf\u00fchrung dieser Daten mit anderen Datenquellen wird nicht vorgenommen. Wir behalten uns vor, diese Daten nachtr\u00e4glich zu pr\u00fcfen, wenn uns konkrete Anhaltspunkte f\u00fcr eine rechtswidrige Nutzung bekannt werden.<\/p>\n<p><strong>SSL-Verschl\u00fcsselung<\/strong><br \/>\nDiese Seite kann aus Gr\u00fcnden der Sicherheit und zum Schutz der \u00dcbertragung vertraulicher Inhalte, wie zum Beispiel der Anfragen, die Sie an uns als Seitenbetreiber senden, eine SSL-Verschl\u00fcsselung nutzen. Eine verschl\u00fcsselte Verbindung erkennen Sie daran, dass die Adresszeile des Browsers von &#8222;http:\/\/&#8220; auf &#8222;https:\/\/&#8220; wechselt und ggf. an einem Schloss-Symbol in Ihrer Browserzeile.<br \/>\nWenn die SSL Verschl\u00fcsselung aktiviert ist, k\u00f6nnen die Daten, die Sie an uns \u00fcbermitteln, nicht von Dritten mitgelesen werden.<\/p>\n","protected":false},"excerpt":{"rendered":"<p>Verantwortlicher: cappatec, Oliver Langthaler e.U. 5412 Puch bei Hallein\/Salzburg Schlossallee 7\/1 | Austria Tel:\u00a0 E-Mail:\u00a0 Es ist kein Datenschutzbeauftragter bestellt, da dies gesetzlich nicht notwendig ist. Allgemeines Der Schutz und die Sicherheit Ihrer pers\u00f6nlichen Daten sind uns ein wichtiges Anliegen. Diese Webseite speichert und verarbeitet Daten daher ausschlie\u00dflich im Sinne &hellip; <\/p>\n","protected":false},"author":1,"featured_media":0,"parent":0,"menu_order":0,"comment_status":"closed","ping_status":"closed","template":"","meta":{"footnotes":""},"class_list":["post-386","page","type-page","status-publish","hentry"],"_links":{"self":[{"href":"https:\/\/www.cappatec.com\/web\/wp-json\/wp\/v2\/pages\/386","targetHints":{"allow":["GET"]}}],"collection":[{"href":"https:\/\/www.cappatec.com\/web\/wp-json\/wp\/v2\/pages"}],"about":[{"href":"https:\/\/www.cappatec.com\/web\/wp-json\/wp\/v2\/types\/page"}],"author":[{"embeddable":true,"href":"https:\/\/www.cappatec.com\/web\/wp-json\/wp\/v2\/users\/1"}],"replies":[{"embeddable":true,"href":"https:\/\/www.cappatec.com\/web\/wp-json\/wp\/v2\/comments?post=386"}],"version-history":[{"count":8,"href":"https:\/\/www.cappatec.com\/web\/wp-json\/wp\/v2\/pages\/386\/revisions"}],"predecessor-version":[{"id":485,"href":"https:\/\/www.cappatec.com\/web\/wp-json\/wp\/v2\/pages\/386\/revisions\/485"}],"wp:attachment":[{"href":"https:\/\/www.cappatec.com\/web\/wp-json\/wp\/v2\/media?parent=386"}],"curies":[{"name":"wp","href":"https:\/\/api.w.org\/{rel}","templated":true}]}}