{"id":37,"date":"2016-11-25T18:19:25","date_gmt":"2016-11-25T17:19:25","guid":{"rendered":"http:\/\/www.cappatec.com\/web\/?page_id=37"},"modified":"2023-10-13T13:46:40","modified_gmt":"2023-10-13T11:46:40","slug":"kassensystem","status":"publish","type":"page","link":"https:\/\/www.cappatec.com\/web\/produkte\/kassensystem\/","title":{"rendered":"Kassensystem"},"content":{"rendered":"<p><img loading=\"lazy\" decoding=\"async\" class=\"alignnone wp-image-134\" src=\"http:\/\/www.cappatec.com\/web\/wp-content\/uploads\/2016\/11\/kassal.png\" alt=\"\" width=\"389\" height=\"319\" srcset=\"https:\/\/www.cappatec.com\/web\/wp-content\/uploads\/2016\/11\/kassal.png 509w, https:\/\/www.cappatec.com\/web\/wp-content\/uploads\/2016\/11\/kassal-300x246.png 300w\" sizes=\"auto, (max-width: 389px) 100vw, 389px\" \/> <img loading=\"lazy\" decoding=\"async\" class=\"alignnone wp-image-135\" src=\"http:\/\/www.cappatec.com\/web\/wp-content\/uploads\/2016\/11\/kassam.png\" alt=\"\" width=\"184\" height=\"279\" srcset=\"https:\/\/www.cappatec.com\/web\/wp-content\/uploads\/2016\/11\/kassam.png 275w, https:\/\/www.cappatec.com\/web\/wp-content\/uploads\/2016\/11\/kassam-198x300.png 198w\" sizes=\"auto, (max-width: 184px) 100vw, 184px\" \/><img loading=\"lazy\" decoding=\"async\" class=\"alignnone wp-image-476 \" src=\"https:\/\/www.cappatec.com\/web\/wp-content\/uploads\/2021\/07\/kassar-1.png\" alt=\"\" width=\"241\" height=\"121\" srcset=\"https:\/\/www.cappatec.com\/web\/wp-content\/uploads\/2021\/07\/kassar-1.png 416w, https:\/\/www.cappatec.com\/web\/wp-content\/uploads\/2021\/07\/kassar-1-300x151.png 300w\" sizes=\"auto, (max-width: 241px) 100vw, 241px\" \/><\/p>\n<h2>Die Registrierkasse f\u00fcr KMUs<\/h2>\n<p><strong>In \u00d6sterreich ist per 1.1.2016 eine strengere Regelung der Registrierkassenpflicht in Kraft getreten. cappatec Kassensysteme bieten hierzu eine optimale L\u00f6sung f\u00fcr kleine und mittlere Betriebe in allen Branchen.<\/strong><\/p>\n<p><a href=\"http:\/\/www.cappatec.com\/web\/?p=139\">Mehr zu Registrierkassen in \u00d6sterreich seit 2017<\/a><\/p>\n<h2>Auf jedem Ger\u00e4t. Jederzeit.<\/h2>\n<p><strong>Ihr PC, Ihr Tablet und Ihr Smartphone werden zur Registrierkasse. \u00dcberall und jederzeit.<\/strong><\/p>\n<p>cappatec Kassensysteme sind f\u00fcr professionelle POS-Ger\u00e4te genauso geeignet wie f\u00fcr Ihren PC, Ihr Tablet oder Ihr Smartphone. Drucken Sie Belege auf einem Bon-Drucker, auf einem A4-Drucker oder einfach als PDF zum Versenden per Email. Das cappatec Kassensystem l\u00e4sst sich lokal installieren oder steht online als Web-Anwendung bereit.<\/p>\n<table>\n<thead>\n<tr>\n<th>Die einfache L\u00f6sung f\u00fcr KMUs<\/th>\n<th>Professionelle L\u00f6sungen f\u00fcr alle Anforderungen<\/th>\n<\/tr>\n<\/thead>\n<tbody>\n<tr>\n<td>PC, Mobilger\u00e4t, online oder offline. W\u00e4hlen Sie die L\u00f6sung, die f\u00fcr Ihr Unternehmen am besten geeignet ist.<\/p>\n<ul>\n<li>geeignet f\u00fcr PC, POS-Ger\u00e4t, Tablet oder Smartphone<\/li>\n<li>ideal f\u00fcr Dienstleistung, Handel und Kleingastronomie<\/li>\n<li>lokal installiert oder online als Web-Anwendung<\/li>\n<li>einfach zu bedienen<\/li>\n<li>Erf\u00fcllung der gesetzlichen Anforderungen<\/li>\n<li>Optional: Bondrucker, Kassenlade, Zahlterminal und Barcodescanner<\/li>\n<\/ul>\n<\/td>\n<td>Die professionelle L\u00f6sung f\u00fcr mittlere und gro\u00dfe Unternehmen mit einer oder mehreren Kassen.<\/p>\n<ul>\n<li>moderne und robuste POS-Hardware<\/li>\n<li>Unterst\u00fctzung f\u00fcr Bondrucker, Kassenlade und Barcodescanner<\/li>\n<li>Schnittstellen f\u00fcr die Integration in Warenwirtschaftssysteme<\/li>\n<li>gleichzeitiger Zugriff mehrerer Benutzer<\/li>\n<li>Professioneller Support durch cappatec oder einen Vertriebspartner<\/li>\n<\/ul>\n<\/td>\n<\/tr>\n<\/tbody>\n<\/table>\n<div><\/div>\n<p>Kontaktieren Sie uns gleich f\u00fcr ein unverbindliches Angebot oder eine kostenlose Online-Demo.<\/p>\n<p><a href=\"?page_id=33\"><button>Angebot anfordern<\/button><\/a> <a href=\"http:\/\/www.cappatec.com\/web\/wp-content\/uploads\/2016\/11\/cappatec_Kassensysteme_Folder.pdf\"><button>Folder herunterladen<\/button><\/a><\/p>\n<h2>Einen Schritt weiter.<\/h2>\n<p><strong>Mehr als nur die Erf\u00fcllung gesetzlicher Vorschriften.<\/strong><\/p>\n<p>cappatec Kassensysteme erf\u00fcllen die seit 2017 f\u00fcr Registrierkassen in \u00d6sterreich geltenden gesetzlichen Vorschriften. Dar\u00fcber hinaus profitieren Sie von einer besseren \u00dcbersicht \u00fcber Ihre Ums\u00e4tze und einer einfachen Kundenverwaltung.<\/p>\n<ul>\n<li style=\"list-style-type: none;\">\n<ul>\n<li>laufender \u00dcberblick \u00fcber Ums\u00e4tze und Warengruppen<\/li>\n<li>Artikelverwaltung<\/li>\n<li>Kundenverwaltung<\/li>\n<li>mehrere Benutzer<\/li>\n<li>freie Konfiguration von Belegen, Artikeln und Kategorien<\/li>\n<li>Belege als Bon, A4-Druck, PDF oder Email<\/li>\n<li>Bar-, Karten- und Gutscheinzahlung<\/li>\n<li>Anbindung an Zahlterminal f\u00fcr Bankomat- und Kreditkarte<\/li>\n<\/ul>\n<\/li>\n<\/ul>\n<h2>Einfacher denn je.<\/h2>\n<p><strong>Weil Bedienerfreundlichkeit an erster Stelle steht.<\/strong><\/p>\n<p>Damit Sie sich auf das Wesentliche konzentrieren k\u00f6nnen, steht Einfachheit und Bedienerfreundlichkeit bei uns im Vordergrund. cappatec Kassensysteme bauen auf die neuesten Forschungsergebnisse zu\u00a0Usability Design. Die komplett neu entwickelte Bedienoberfl\u00e4che passt sich Ihren Bed\u00fcrfnissen optimal an, sowohl am PC als auch am Mobilger\u00e4t.<\/p>\n<p>cappatec arbeitet mit Experten im Bereich der Usability zusammen und hat die besten von Studierenden der Fachhochschule Salzburg am Studiengang Design- und Produktmanagement erarbeiteten Vorschl\u00e4ge 2015 ausgezeichnet. <a href=\"http:\/\/www.cappatec.com\/web\/?p=27\">Mehr \u00fcber Usability Design<\/a> &#8211; <a href=\"http:\/\/www.cappatec.com\/web\/?p=151\">Artikel zur Preisverleihung 2015<\/a><\/p>\n<h2>Flexibel.<\/h2>\n<p><strong>Sie w\u00e4hlen das f\u00fcr Sie passende Installations- und Dienstleistungsmodell. Ob lokale Installation oder web-basiert, dank einfachem Wechsel besteht kein Risiko. Sollten sich Ihre Anforderungen \u00e4ndern, ist ein Wechsel zwischen der lokalen Installation und der Web-Anwendung jederzeit m\u00f6glich.<br \/>\n<\/strong><\/p>\n<table>\n<thead>\n<tr>\n<th>Variante 1 &#8211; lokale Installation<\/th>\n<th>Variante 2 &#8211; Web-basiert<\/th>\n<\/tr>\n<\/thead>\n<tbody>\n<tr>\n<td>Das Kassensystem wird auf einem POS-Ger\u00e4t, PC oder Tablet in ihrem Gesch\u00e4ft installiert, eine konstante Internetverbindung ist nicht erforderlich. Barcodescanner, A4\u2013 oder Bondrucker und eine Kassenlade k\u00f6nnen optional angeschlossen werden. Das System kann als Einzelplatzl\u00f6sung oder mit einem Hauptger\u00e4t und mehreren Terminals betrieben werden.<\/p>\n<ul>\n<li>Gro\u00dfe Auswahl an Endger\u00e4ten<\/li>\n<li>Als Einzelplatzl\u00f6sung oder mir mehreren Endger\u00e4ten verwendbar<\/li>\n<li>Belegerteilung \u00fcber Bondrucker, A4-Drucker, PDF oder Email m\u00f6glich<\/li>\n<li>Anbindung an Zahlterminal f\u00fcr Bankomat- und Kreditkarte<\/li>\n<\/ul>\n<\/td>\n<td>Sie greifen \u00fcber das Web auf das Kassensystem zu. Dies ist prinzipiell mit jedem internetf\u00e4higen Endger\u00e4t (PC oder Tablet mit Webbrowser) m\u00f6glich. Belege k\u00f6nnen per Email, als PDF oder \u00fcber einen A4-Drucker erstellt werden. Optional kann ein Barcodescanner angeschlossen werden.<\/p>\n<ul>\n<li>Zuverl\u00e4ssige Speicherung und Sicherung Ihrer Daten in einem \u00f6sterreichischen Rechenzentrum<\/li>\n<li>Sie erhalten immer automatisch die neueste Version<\/li>\n<\/ul>\n<\/td>\n<\/tr>\n<\/tbody>\n<\/table>\n<table style=\"height: 430px;\" width=\"1184\">\n<thead>\n<tr>\n<th>Alles aus einer Hand<\/th>\n<\/tr>\n<\/thead>\n<tbody>\n<tr>\n<td>Das Komplettpaket mit Hardware, Software und Support<img loading=\"lazy\" decoding=\"async\" class=\"wp-image-81 alignleft\" src=\"http:\/\/www.cappatec.com\/web\/wp-content\/uploads\/2016\/11\/cr.png\" alt=\"\" width=\"344\" height=\"256\" srcset=\"https:\/\/www.cappatec.com\/web\/wp-content\/uploads\/2016\/11\/cr.png 605w, https:\/\/www.cappatec.com\/web\/wp-content\/uploads\/2016\/11\/cr-300x223.png 300w\" sizes=\"auto, (max-width: 344px) 100vw, 344px\" \/><\/p>\n<ul>\n<li>Kassensoftware, Handbuch<\/li>\n<li>POS-Ger\u00e4t mit Betriebssystem<\/li>\n<li>Bon-Drucker, Kassenlade, Barcode-Scanner<\/li>\n<li>Maus\/Tastatur, Sicherungsfestplatte<\/li>\n<li>Installation, Inbetriebnahme und Support<\/li>\n<\/ul>\n<p>Installation: Installation der Kassensoftware auf dem POS-Ger\u00e4t. Inbetriebnahme: Personalisierung der Software f\u00fcr ihr Unternehmen, Erstellung der Artikelliste, Bestellung und Inbetriebnahme der Signatureinheit. Support: Einschulung, Telefon- und\/oder Vorort-Support entsprechend Servicevertrag.<\/td>\n<\/tr>\n<\/tbody>\n<\/table>\n<p><a href=\"?page_id=33\"><button>Angebot anfordern<\/button><\/a><\/p>\n<hr \/>\n<p><img loading=\"lazy\" decoding=\"async\" class=\"alignnone wp-image-473 size-full\" src=\"https:\/\/www.cappatec.com\/web\/wp-content\/uploads\/2021\/07\/rksvatde.png\" alt=\"\" width=\"83\" height=\"46\" \/> Seit 1.4.2017 m\u00fcssen Kassensysteme in \u00d6sterreich \u00fcber eine Signatureinrichtung verf\u00fcgen.<\/p>\n<p><a href=\"http:\/\/www.cappatec.com\/web\/?p=139\">Mehr zu Registrierkassen in \u00d6sterreich seit 2017<\/a><\/p>\n<hr \/>\n<p class=\"small\">Die Installation umfasst die Installation der Kassensoftware auf dem POS-Ger\u00e4t. Die Inbetriebnahme umfasst die Personalisierung der Software f\u00fcr ihr Unternehmen (Unternehmensdaten am Beleg, Aufbereitung des Logos f\u00fcr Beleg). Die Erstellung der Artikelliste umfasst das Aufbereiten einer digital und maschinenlesbar zur Verf\u00fcgung gestellten Artikelliste f\u00fcr dem Import in das Kassensystem. Der Support umfasst Telefon- und\/oder Vorort-Support, fallbasiert oder entsprechend einem zuvor definierten Servicevertrag.<\/p>\n<p class=\"small\">Zwischen der lokalen Installation und der Web-basierten Anwendung ist ein Wechsel m\u00f6glich. Es k\u00f6nnen jedoch Kosten f\u00fcr die \u00dcbernahme Ihrer Daten und die Signatureinrichtung anfallen.<\/p>\n","protected":false},"excerpt":{"rendered":"<p>Die Registrierkasse f\u00fcr KMUs In \u00d6sterreich ist per 1.1.2016 eine strengere Regelung der Registrierkassenpflicht in Kraft getreten. cappatec Kassensysteme bieten hierzu eine optimale L\u00f6sung f\u00fcr kleine und mittlere Betriebe in allen Branchen. Mehr zu Registrierkassen in \u00d6sterreich seit 2017 Auf jedem Ger\u00e4t. Jederzeit. Ihr PC, Ihr Tablet und Ihr Smartphone &hellip; <\/p>\n","protected":false},"author":1,"featured_media":0,"parent":21,"menu_order":0,"comment_status":"closed","ping_status":"closed","template":"","meta":{"footnotes":""},"class_list":["post-37","page","type-page","status-publish","hentry"],"_links":{"self":[{"href":"https:\/\/www.cappatec.com\/web\/wp-json\/wp\/v2\/pages\/37","targetHints":{"allow":["GET"]}}],"collection":[{"href":"https:\/\/www.cappatec.com\/web\/wp-json\/wp\/v2\/pages"}],"about":[{"href":"https:\/\/www.cappatec.com\/web\/wp-json\/wp\/v2\/types\/page"}],"author":[{"embeddable":true,"href":"https:\/\/www.cappatec.com\/web\/wp-json\/wp\/v2\/users\/1"}],"replies":[{"embeddable":true,"href":"https:\/\/www.cappatec.com\/web\/wp-json\/wp\/v2\/comments?post=37"}],"version-history":[{"count":25,"href":"https:\/\/www.cappatec.com\/web\/wp-json\/wp\/v2\/pages\/37\/revisions"}],"predecessor-version":[{"id":544,"href":"https:\/\/www.cappatec.com\/web\/wp-json\/wp\/v2\/pages\/37\/revisions\/544"}],"up":[{"embeddable":true,"href":"https:\/\/www.cappatec.com\/web\/wp-json\/wp\/v2\/pages\/21"}],"wp:attachment":[{"href":"https:\/\/www.cappatec.com\/web\/wp-json\/wp\/v2\/media?parent=37"}],"curies":[{"name":"wp","href":"https:\/\/api.w.org\/{rel}","templated":true}]}}