{"id":33,"date":"2016-11-25T18:18:41","date_gmt":"2016-11-25T17:18:41","guid":{"rendered":"http:\/\/www.cappatec.com\/web\/?page_id=33"},"modified":"2025-08-05T11:59:13","modified_gmt":"2025-08-05T09:59:13","slug":"kontakt","status":"publish","type":"page","link":"https:\/\/www.cappatec.com\/web\/kontakt\/","title":{"rendered":"Kontakt &#038; Support"},"content":{"rendered":"<h2>Kontakt<\/h2>\n<p>Diese Website ist durch Cloudflare Turnstile gesch\u00fctzt. Hierf\u00fcr gelten die\u00a0<a href=\"https:\/\/www.cloudflare.com\/de-de\/website-terms\/\">Allgemeinen Nutzungsbedingungen<\/a>, die <a href=\"https:\/\/www.cloudflare.com\/de-de\/privacypolicy\/\">Allgemeinen Datenschutzbestimmungen<\/a> sowie die <a href=\"https:\/\/www.cloudflare.com\/de-de\/turnstile-privacy-policy\/\">Turnstile-spezifischen Datenschutzbestimmungen<\/a> von Cloudflare.<\/p>\n\n<div class=\"wpcf7 no-js\" id=\"wpcf7-f10-o1\" lang=\"de-DE\" dir=\"ltr\" data-wpcf7-id=\"10\">\n<div class=\"screen-reader-response\"><p role=\"status\" aria-live=\"polite\" aria-atomic=\"true\"><\/p> <ul><\/ul><\/div>\n<form action=\"\/web\/wp-json\/wp\/v2\/pages\/33#wpcf7-f10-o1\" method=\"post\" class=\"wpcf7-form init\" aria-label=\"Kontaktformular\" novalidate=\"novalidate\" data-status=\"init\">\n<fieldset class=\"hidden-fields-container\"><input type=\"hidden\" name=\"_wpcf7\" value=\"10\" \/><input type=\"hidden\" name=\"_wpcf7_version\" value=\"6.1.1\" \/><input type=\"hidden\" name=\"_wpcf7_locale\" value=\"de_DE\" \/><input type=\"hidden\" name=\"_wpcf7_unit_tag\" value=\"wpcf7-f10-o1\" \/><input type=\"hidden\" name=\"_wpcf7_container_post\" value=\"0\" \/><input type=\"hidden\" name=\"_wpcf7_posted_data_hash\" value=\"\" \/>\n<\/fieldset>\n<div class=\"wpcf7-turnstile cf-turnstile\" data-sitekey=\"0x4AAAAAABohSa4BDQAzvpeL\" data-response-field-name=\"_wpcf7_turnstile_response\"><\/div>\n\n<p><label> Ihr Name (Pflichtfeld)<br \/>\n<span class=\"wpcf7-form-control-wrap\" data-name=\"your-name\"><input size=\"40\" maxlength=\"400\" class=\"wpcf7-form-control wpcf7-text wpcf7-validates-as-required\" aria-required=\"true\" aria-invalid=\"false\" value=\"\" type=\"text\" name=\"your-name\" \/><\/span> <\/label>\n<\/p>\n<p><label> Ihre Email-Adresse (Pflichtfeld, Bitte geben Sie eine Email-Adresse an unter der wir Sie kontaktieren k\u00f6nnen)<br \/>\n<span class=\"wpcf7-form-control-wrap\" data-name=\"your-email\"><input size=\"40\" maxlength=\"400\" class=\"wpcf7-form-control wpcf7-email wpcf7-validates-as-required wpcf7-text wpcf7-validates-as-email\" aria-required=\"true\" aria-invalid=\"false\" value=\"\" type=\"email\" name=\"your-email\" \/><\/span> <\/label>\n<\/p>\n<p><label> Betreff<br \/>\n<span class=\"wpcf7-form-control-wrap\" data-name=\"your-subject\"><input size=\"40\" maxlength=\"400\" class=\"wpcf7-form-control wpcf7-text\" aria-invalid=\"false\" value=\"\" type=\"text\" name=\"your-subject\" \/><\/span> <\/label>\n<\/p>\n<p><label> Ihre Nachricht<br \/>\n<span class=\"wpcf7-form-control-wrap\" data-name=\"your-message\"><textarea cols=\"40\" rows=\"10\" maxlength=\"2000\" class=\"wpcf7-form-control wpcf7-textarea\" aria-invalid=\"false\" name=\"your-message\"><\/textarea><\/span> <\/label>\n<\/p>\n<p><input class=\"wpcf7-form-control wpcf7-submit has-spinner\" type=\"submit\" value=\"Senden\" \/>\n<\/p><div class=\"wpcf7-response-output\" aria-hidden=\"true\"><\/div>\n<\/form>\n<\/div>\n\n<p><a href=\"http:\/\/www.cappatec.com\/web\/?page_id=35\">Impressum, Datenschutzerkl\u00e4rung und weitere Kontaktm\u00f6glichkeiten<\/a><\/p>\n<h2>Support<\/h2>\n<p>Wir bieten unseren Kunden umfangreichen Support f\u00fcr alle cappatec-Produkte. Bitte kontaktieren Sie uns wie auf Ihrer Lizenzurkunde angef\u00fchrt.<br \/>\n<a href=\"http:\/\/www.cappatec.com\/aut\/verify.html\">Lizenzinformation jetzt abfragen<\/a><\/p>\n<h2>Fragen &amp; Antworten<\/h2>\n<p>Finden Sie Fragen und Antworten und tauschen Sie sich mit anderen Kunden oder Entwicklern aus.<br \/>\n<a href=\"?page_id=256\">Fragen &amp; Antworten<\/a><\/p>\n","protected":false},"excerpt":{"rendered":"<p>Kontakt Diese Website ist durch Cloudflare Turnstile gesch\u00fctzt. Hierf\u00fcr gelten die\u00a0Allgemeinen Nutzungsbedingungen, die Allgemeinen Datenschutzbestimmungen sowie die Turnstile-spezifischen Datenschutzbestimmungen von Cloudflare. Impressum, Datenschutzerkl\u00e4rung und weitere Kontaktm\u00f6glichkeiten Support Wir bieten unseren Kunden umfangreichen Support f\u00fcr alle cappatec-Produkte. Bitte kontaktieren Sie uns wie auf Ihrer Lizenzurkunde angef\u00fchrt. Lizenzinformation jetzt abfragen Fragen &amp; &hellip; <\/p>\n","protected":false},"author":1,"featured_media":0,"parent":0,"menu_order":0,"comment_status":"closed","ping_status":"closed","template":"","meta":{"footnotes":""},"class_list":["post-33","page","type-page","status-publish","hentry"],"_links":{"self":[{"href":"https:\/\/www.cappatec.com\/web\/wp-json\/wp\/v2\/pages\/33","targetHints":{"allow":["GET"]}}],"collection":[{"href":"https:\/\/www.cappatec.com\/web\/wp-json\/wp\/v2\/pages"}],"about":[{"href":"https:\/\/www.cappatec.com\/web\/wp-json\/wp\/v2\/types\/page"}],"author":[{"embeddable":true,"href":"https:\/\/www.cappatec.com\/web\/wp-json\/wp\/v2\/users\/1"}],"replies":[{"embeddable":true,"href":"https:\/\/www.cappatec.com\/web\/wp-json\/wp\/v2\/comments?post=33"}],"version-history":[{"count":11,"href":"https:\/\/www.cappatec.com\/web\/wp-json\/wp\/v2\/pages\/33\/revisions"}],"predecessor-version":[{"id":558,"href":"https:\/\/www.cappatec.com\/web\/wp-json\/wp\/v2\/pages\/33\/revisions\/558"}],"wp:attachment":[{"href":"https:\/\/www.cappatec.com\/web\/wp-json\/wp\/v2\/media?parent=33"}],"curies":[{"name":"wp","href":"https:\/\/api.w.org\/{rel}","templated":true}]}}