{"id":21,"date":"2016-11-25T18:17:13","date_gmt":"2016-11-25T17:17:13","guid":{"rendered":"http:\/\/www.cappatec.com\/web\/?page_id=21"},"modified":"2017-07-04T15:22:02","modified_gmt":"2017-07-04T13:22:02","slug":"produkte","status":"publish","type":"page","link":"https:\/\/www.cappatec.com\/web\/produkte\/","title":{"rendered":"Produkte"},"content":{"rendered":"<table>\n<thead>\n<tr>\n<th style=\"text-align: center;\"><a style=\"color: #616161;\" href=\"http:\/\/www.cappatec.com\/web\/?page_id=37\">Kassensystem<\/a><\/th>\n<th style=\"text-align: center;\"><a style=\"color: #616161;\" href=\"http:\/\/www.cappatec.com\/web\/?page_id=48\">Lagerverwaltung<\/a><\/th>\n<th style=\"text-align: center;\"><a style=\"color: #616161;\" href=\"http:\/\/www.cappatec.com\/web\/?page_id=39\">Core Engine<\/a><\/th>\n<\/tr>\n<\/thead>\n<tbody>\n<tr>\n<td>\u00a0<a href=\"http:\/\/www.cappatec.com\/web\/?page_id=37\"><img loading=\"lazy\" decoding=\"async\" class=\"wp-image-119 aligncenter\" src=\"http:\/\/www.cappatec.com\/web\/wp-content\/uploads\/2016\/11\/screen0.png\" alt=\"\" width=\"273\" height=\"143\" srcset=\"https:\/\/www.cappatec.com\/web\/wp-content\/uploads\/2016\/11\/screen0.png 681w, https:\/\/www.cappatec.com\/web\/wp-content\/uploads\/2016\/11\/screen0-300x157.png 300w\" sizes=\"auto, (max-width: 273px) 100vw, 273px\" \/><\/a><\/p>\n<p>Die neue Registrierkasse f\u00fcr KMUs<\/p>\n<p><a href=\"http:\/\/www.cappatec.com\/web\/?page_id=37\">Mehr erfahren<\/a><\/td>\n<td><a href=\"http:\/\/www.cappatec.com\/web\/?page_id=48\"><img loading=\"lazy\" decoding=\"async\" class=\"wp-image-217 aligncenter\" src=\"http:\/\/www.cappatec.com\/web\/wp-content\/uploads\/2016\/11\/lagerl.png\" alt=\"\" width=\"203\" height=\"172\" srcset=\"https:\/\/www.cappatec.com\/web\/wp-content\/uploads\/2016\/11\/lagerl.png 416w, https:\/\/www.cappatec.com\/web\/wp-content\/uploads\/2016\/11\/lagerl-300x254.png 300w\" sizes=\"auto, (max-width: 203px) 100vw, 203px\" \/><\/a><\/p>\n<p>Die einfache Lagerverwaltung<\/p>\n<p><a href=\"http:\/\/www.cappatec.com\/web\/?page_id=48\">Mehr erfahren<\/a><\/td>\n<td><a href=\"http:\/\/www.cappatec.com\/web\/?page_id=39\"><img loading=\"lazy\" decoding=\"async\" class=\"wp-image-233 aligncenter\" src=\"http:\/\/www.cappatec.com\/web\/wp-content\/uploads\/2016\/11\/coreengine2.png\" alt=\"\" width=\"203\" height=\"172\" srcset=\"https:\/\/www.cappatec.com\/web\/wp-content\/uploads\/2016\/11\/coreengine2.png 416w, https:\/\/www.cappatec.com\/web\/wp-content\/uploads\/2016\/11\/coreengine2-300x254.png 300w\" sizes=\"auto, (max-width: 203px) 100vw, 203px\" \/><\/a><\/p>\n<p>Die universelle Plattform f\u00fcr individuelle L\u00f6sungen<\/p>\n<p><a href=\"http:\/\/www.cappatec.com\/web\/?page_id=39\">Mehr erfahren<\/a><\/td>\n<\/tr>\n<\/tbody>\n<\/table>\n<table>\n<thead>\n<tr>\n<th style=\"text-align: left;\"><a style=\"color: #616161;\" href=\"http:\/\/www.cappatec.com\/web\/qualitaetssicherung-in-distribution-und-palettierung\/\">Qualit\u00e4tssicherung in Distribution und Palettierung<\/a><\/th>\n<\/tr>\n<\/thead>\n<tbody>\n<tr>\n<td><strong>Individuelle L\u00f6sungen mit der cappatec Core Engine, gemeinsam mit unseren Kunden erarbeitet und umgesetzt<\/strong><\/p>\n<p><img loading=\"lazy\" decoding=\"async\" class=\"alignleft wp-image-340 size-medium\" src=\"http:\/\/www.cappatec.com\/web\/wp-content\/uploads\/2017\/06\/logistics-300x180.jpg\" alt=\"\" width=\"300\" height=\"180\" srcset=\"https:\/\/www.cappatec.com\/web\/wp-content\/uploads\/2017\/06\/logistics-300x180.jpg 300w, https:\/\/www.cappatec.com\/web\/wp-content\/uploads\/2017\/06\/logistics.jpg 640w\" sizes=\"auto, (max-width: 300px) 100vw, 300px\" \/><\/p>\n<p>Die mit der Firma Laube Pro \u2013 Professional Service (LAUBE sozial-psychiatrische Aktivit\u00e4ten GmbH), eine Organisation f\u00fcr nachhaltiges soziales Engagement, umgesetzte L\u00f6sung verbindet die kontinuierliche Erfassung von einzelnen Produkten mit Barcodes und das automatisierte Drucken von Etiketten mit einer dezentralen Auftragserteilung. Kundenauftr\u00e4ge an das Lager werden dabei \u00fcber eine Web-Anwendung angelegt und k\u00f6nnen danach im Lager unter laufender automatischer Dokumentation bearbeitet werden. cappatec hat die vollst\u00e4ndige L\u00f6sung in enger Abstimmung mit allen beteiligten Organisationen erarbeitet und umgesetzt.<\/p>\n<p><a href=\"http:\/\/www.cappatec.com\/web\/qualitaetssicherung-in-distribution-und-palettierung\/\">Mehr erfahren<\/a><\/td>\n<\/tr>\n<\/tbody>\n<\/table>\n","protected":false},"excerpt":{"rendered":"<p>Kassensystem Lagerverwaltung Core Engine \u00a0 Die neue Registrierkasse f\u00fcr KMUs Mehr erfahren Die einfache Lagerverwaltung Mehr erfahren Die universelle Plattform f\u00fcr individuelle L\u00f6sungen Mehr erfahren Qualit\u00e4tssicherung in Distribution und Palettierung Individuelle L\u00f6sungen mit der cappatec Core Engine, gemeinsam mit unseren Kunden erarbeitet und umgesetzt Die mit der Firma Laube Pro &hellip; <\/p>\n","protected":false},"author":1,"featured_media":0,"parent":0,"menu_order":0,"comment_status":"closed","ping_status":"closed","template":"","meta":{"footnotes":""},"class_list":["post-21","page","type-page","status-publish","hentry"],"_links":{"self":[{"href":"https:\/\/www.cappatec.com\/web\/wp-json\/wp\/v2\/pages\/21","targetHints":{"allow":["GET"]}}],"collection":[{"href":"https:\/\/www.cappatec.com\/web\/wp-json\/wp\/v2\/pages"}],"about":[{"href":"https:\/\/www.cappatec.com\/web\/wp-json\/wp\/v2\/types\/page"}],"author":[{"embeddable":true,"href":"https:\/\/www.cappatec.com\/web\/wp-json\/wp\/v2\/users\/1"}],"replies":[{"embeddable":true,"href":"https:\/\/www.cappatec.com\/web\/wp-json\/wp\/v2\/comments?post=21"}],"version-history":[{"count":15,"href":"https:\/\/www.cappatec.com\/web\/wp-json\/wp\/v2\/pages\/21\/revisions"}],"predecessor-version":[{"id":352,"href":"https:\/\/www.cappatec.com\/web\/wp-json\/wp\/v2\/pages\/21\/revisions\/352"}],"wp:attachment":[{"href":"https:\/\/www.cappatec.com\/web\/wp-json\/wp\/v2\/media?parent=21"}],"curies":[{"name":"wp","href":"https:\/\/api.w.org\/{rel}","templated":true}]}}